{"id":21,"date":"2023-10-23T02:06:52","date_gmt":"2023-10-23T02:06:52","guid":{"rendered":"http:\/\/villoz-demo.local\/?page_id=21"},"modified":"2025-02-05T20:10:12","modified_gmt":"2025-02-05T19:10:12","slug":"home-rtl","status":"publish","type":"page","link":"https:\/\/villamaja-rymanow.pl\/","title":{"rendered":"Home Rtl"},"content":{"rendered":"\t\t<div data-elementor-type=\"wp-page\" data-elementor-id=\"21\" class=\"elementor elementor-21\">\n\t\t\t\t\t\t<section class=\"elementor-section elementor-top-section elementor-element elementor-element-7b91894b elementor-section-full_width elementor-section-height-default elementor-section-height-default\" data-id=\"7b91894b\" data-element_type=\"section\">\n\t\t\t\t\t\t<div class=\"elementor-container elementor-column-gap-no\">\n\t\t\t\t\t<div class=\"elementor-column elementor-col-100 elementor-top-column elementor-element elementor-element-3e0180c7\" data-id=\"3e0180c7\" data-element_type=\"column\">\n\t\t\t<div class=\"elementor-widget-wrap elementor-element-populated\">\n\t\t\t\t\t\t<div class=\"elementor-element elementor-element-76ff477d elementor-widget elementor-widget-villoz-banner\" data-id=\"76ff477d\" data-element_type=\"widget\" data-widget_type=\"villoz-banner.default\">\n\t\t\t\t<div class=\"elementor-widget-container\">\n\t\t\t\t\t\t<section class=\"banner-one\" style=\"background-image: url(https:\/\/villamaja-rymanow.pl\/wp-content\/uploads\/2025\/02\/IMG_20171230_085204.jpg);\">\r\n\t\t<div class=\"container\">\r\n\t\t\t<div class=\"row\">\r\n\t\t\t\t<div class=\"col-md-8 col-lg-9 wow fadeInUp\" data-wow-delay=\"300ms\">\r\n\t\t\t\t\t<h1 class=\"banner-one__title\">Villa Maja Ryman\u00f3w Zdr\u00f3j<\/h1>\t\t\t\t<\/div>\r\n\t\t\t\t<div class=\"col-md-4 col-lg-3 wow fadeInUp\" data-wow-delay=\"400ms\">\r\n\t\t\t\t\t<div class=\"banner-one__content\">\r\n\t\t\t\t\t\t<div class=\"banner-one__ratings\">\r\n\t\t\t\t\t\t\t\t\t\t\t\t\t\t\t<i class=\"fa fa-star\"><\/i>\r\n\t\t\t\t\t\t\t\t\t\t\t\t\t\t\t<i class=\"fa fa-star\"><\/i>\r\n\t\t\t\t\t\t\t\t\t\t\t\t\t\t\t<i class=\"fa fa-star\"><\/i>\r\n\t\t\t\t\t\t\t\t\t\t\t\t\t\t\t<i class=\"fa fa-star\"><\/i>\r\n\t\t\t\t\t\t\t\t\t\t\t\t\t\t\t<i class=\"fa fa-star\"><\/i>\r\n\t\t\t\t\t\t\t\t\t\t\t\t\t<\/div>\r\n\t\t\t\t\t\t<p class=\"banner-one__text\"><span>4.9 \/ 5<\/span> Fanstastyczna przyroda i czyste powietrze - to jest to czego do\u015bwiadczymy w tym miejscu<\/p>\r\n\t\t\t\t\t<\/div>\r\n\t\t\t\t<\/div>\r\n\t\t\t<\/div>\r\n\t\t<\/div>\r\n\t<\/section>\r\n\t\t\t\t<\/div>\n\t\t\t\t<\/div>\n\t\t\t\t\t<\/div>\n\t\t<\/div>\n\t\t\t\t\t<\/div>\n\t\t<\/section>\n\t\t\t\t<section class=\"elementor-section elementor-top-section elementor-element elementor-element-422e8b4e elementor-section-full_width elementor-section-height-default elementor-section-height-default\" data-id=\"422e8b4e\" data-element_type=\"section\">\n\t\t\t\t\t\t<div class=\"elementor-container elementor-column-gap-no\">\n\t\t\t\t\t<div class=\"elementor-column elementor-col-100 elementor-top-column elementor-element elementor-element-37767a20\" data-id=\"37767a20\" data-element_type=\"column\">\n\t\t\t<div class=\"elementor-widget-wrap\">\n\t\t\t\t\t\t\t<\/div>\n\t\t<\/div>\n\t\t\t\t\t<\/div>\n\t\t<\/section>\n\t\t\t\t<section class=\"elementor-section elementor-top-section elementor-element elementor-element-334b6af0 elementor-section-full_width elementor-section-height-default elementor-section-height-default\" data-id=\"334b6af0\" data-element_type=\"section\">\n\t\t\t\t\t\t<div class=\"elementor-container elementor-column-gap-no\">\n\t\t\t\t\t<div class=\"elementor-column elementor-col-100 elementor-top-column elementor-element elementor-element-5db7cccb\" data-id=\"5db7cccb\" data-element_type=\"column\">\n\t\t\t<div class=\"elementor-widget-wrap elementor-element-populated\">\n\t\t\t\t\t\t<div class=\"elementor-element elementor-element-38f108d7 elementor-widget elementor-widget-villoz-about\" data-id=\"38f108d7\" data-element_type=\"widget\" data-widget_type=\"villoz-about.default\">\n\t\t\t\t<div class=\"elementor-widget-container\">\n\t\t\t\t\t\t<section class=\"about-one\">\r\n\t\t<div class=\"about-one__shape villoz-splax\" data-para-options='{\"orientation\": \"left\", \"scale\": 1.5, \"delay\": \".5\", \"transition\": \"cubic-bezier(0,0,0,1)\", \"overflow\": true\r\n        }'><img decoding=\"async\" src=\"https:\/\/villamaja-rymanow.pl\/wp-content\/uploads\/2023\/10\/about-1-plan.png\" alt=\"alt\" title=\"about-1-plan\" >\t\t<\/div>\r\n\t\t<div class=\"container\">\r\n\t\t\t<div class=\"row\">\r\n\t\t\t\t<div class=\"col-xl-8\">\r\n\t\t\t\t\t<div class=\"about-one__content wow fadeInLeft\" data-wow-delay=\"300ms\">\r\n\t\t\t\t\t\t<div class=\"sec-title text-left\">\r\n\t\t\t\t\t\t\t<h6 class=\"sec-title__tagline\">Witamy na stronie Villi Maja<\/h6><h3 class=\"sec-title__title\">Dowiedz si\u0119 wi\u0119cej o Villi Maja<\/h3>\t\t\t\t\t\t<\/div><!-- \/.sec-title -->\r\n\t\t\t\t\t\t<div class=\"about-one__content__map\">\r\n\t\t\t\t\t\t\t<img decoding=\"async\" src=\"https:\/\/villamaja-rymanow.pl\/wp-content\/uploads\/2023\/10\/about-1-map.png\" alt=\"alt\" title=\"about-1-map\" >\t\t\t\t\t\t<\/div>\r\n\t\t\t\t\t\t<div class=\"row\">\r\n\t\t\t\t\t\t\t<div class=\"col-lg-5 col-md-6\">\r\n\t\t\t\t\t\t\t\t<div class=\"about-one__image-one\">\r\n\t\t\t\t\t\t\t\t\t<img decoding=\"async\" src=\"https:\/\/villamaja-rymanow.pl\/wp-content\/uploads\/2025\/02\/Villa-maja2.jpg\" alt=\"Hisilicon K3\" title=\"Hisilicon K3\" >\t\t\t\t\t\t\t\t<\/div>\r\n\t\t\t\t\t\t\t<\/div>\r\n\t\t\t\t\t\t\t<div class=\"col-lg-7 col-md-6\">\r\n\t\t\t\t\t\t\t\t<div class=\"about-one__content-inner\">\r\n\t\t\t\t\t\t\t\t\t<p class=\"about-one__content-inner__title\">Villa Maja to wspania\u0142e miejsce do wypoczynku<\/p><p class=\"about-one__content-inner__text\">Villa Maja to dom w centrum Uzdrowiska na widokowej g\u00f3rce pod lasem, tylko 50 m od Parku Zdrojowego. W otoczeniu przyrody z dala od zgie\u0142ku i ha\u0142asu.<\/p>\t\t\t\t\t\t\t\t\t<ul class=\"about-one__content-inner__list\">\r\n\t\t\t\t\t\t\t\t\t\t\t\t\t\t\t\t\t\t\t\t\t<li><span aria-hidden=\"true\" class=\"  fa fa-check-circle\"><\/span>Gwarancja zadowolenia<\/li>\r\n\t\t\t\t\t\t\t\t\t\t\t\t\t\t\t\t\t\t\t\t\t<li><span aria-hidden=\"true\" class=\"  fa fa-check-circle\"><\/span>Wiele atrakcji <\/li>\r\n\t\t\t\t\t\t\t\t\t\t\t\t\t\t\t\t\t\t\t\t\t<li><span aria-hidden=\"true\" class=\"  fa fa-check-circle\"><\/span>Pi\u0119kna przyroda<\/li>\r\n\t\t\t\t\t\t\t\t\t\t\t\t\t\t\t\t\t\t\t\t\t<li><span aria-hidden=\"true\" class=\"  fa fa-check-circle\"><\/span>Najlepszy wyb\u00f3r o ka\u017cdej porze roku<\/li>\r\n\t\t\t\t\t\t\t\t\t\t\t\t\t\t\t\t\t\t\t<\/ul>\r\n\t\t\t\t\t\t\t\t\t<a href=\"https:\/\/www.facebook.com\/villamajarymanowut\/\"  class=\"villoz-btn\">\r\n\t\t\t\t\t\t\t\t\t\t<i>Dowiedz si\u0119 wi\u0119cej<\/i>\r\n\t\t\t\t\t\t\t\t\t\t<span>Dowiedz si\u0119 wi\u0119cej<\/span>\r\n\t\t\t\t\t\t\t\t\t<\/a>\r\n\t\t\t\t\t\t\t\t<\/div>\r\n\t\t\t\t\t\t\t<\/div>\r\n\t\t\t\t\t\t<\/div>\r\n\t\t\t\t\t<\/div><!-- \/.about__image -->\r\n\t\t\t\t<\/div><!-- \/.col-lg-8 -->\r\n\t\t\t\t<div class=\"col-xl-4 wow fadeInRight\" data-wow-delay=\"300ms\">\r\n\t\t\t\t\t<div class=\"about-one__right\">\r\n\t\t\t\t\t\t<div class=\"about-one__circle\">\r\n\t\t\t\t\t\t\t<div class=\"about-one__circle__icon\">\r\n\t\t\t\t\t\t\t\t<span aria-hidden=\"true\" class=\"  icon-best-seller\"><\/span>\t\t\t\t\t\t\t<\/div>\r\n\t\t\t\t\t\t\t<div class=\"curved-circle\"><!-- curved-circle start-->\r\n\t\t\t\t\t\t\t\t<div class=\"curved-circle--item\" data-circle-text-options='{\r\n\t\t\t\t\t\t\t\t\"radius\": 95,\r\n\t\t\t\t\t\t\t\t\"forceWidth\": true,\r\n\t\t\t\t\t\t\t\t\"forceHeight\": true\r\n\t\t\t\t\t\t\t}'>Podkarpackie uzdrowisko<\/div>\r\n\t\t\t\t\t\t\t<\/div><!-- curved-circle end-->\r\n\t\t\t\t\t\t<\/div><!-- \/.about-circle -->\r\n\t\t\t\t\t\t<div class=\"about-one__image-two\">\r\n\t\t\t\t\t\t\t<img decoding=\"async\" src=\"https:\/\/villamaja-rymanow.pl\/wp-content\/uploads\/2025\/02\/Bez-tytulu.jpg\" alt=\"Bez tytu\u0142u\" title=\"Bez tytu\u0142u\" >\t\t\t\t\t\t<\/div>\r\n\t\t\t\t\t\t<ul class=\"list-unstyled about-one__facts\">\r\n\t\t\t\t\t\t\t\t\t\t\t\t\t\t\t<li class=\"about-one__facts__item count-box\">\r\n\t\t\t\t\t\t\t\t\t<div class=\"about-one__facts__icon\">\r\n\t\t\t\t\t\t\t\t\t\t<span aria-hidden=\"true\" class=\"  icon-villa-1\"><\/span>\t\t\t\t\t\t\t\t\t<\/div><!-- \/.funfact-one__icon -->\r\n\t\t\t\t\t\t\t\t\t<h3 class=\"about-one__facts__count count-text\" data-stop=\"57639\" data-speed=\"1500\"><\/h3><!-- \/.funfact-one__count -->\r\n\t\t\t\t\t\t\t\t\t<p class=\"about-one__facts__text\">Go\u015bci hotelowych<\/p><!-- \/.funfact-one__text -->\r\n\t\t\t\t\t\t\t\t<\/li><!-- \/.funfact-one__item -->\r\n\t\t\t\t\t\t\t\t\t\t\t\t\t\t\t<li class=\"about-one__facts__item count-box\">\r\n\t\t\t\t\t\t\t\t\t<div class=\"about-one__facts__icon\">\r\n\t\t\t\t\t\t\t\t\t\t<span aria-hidden=\"true\" class=\"   icon-map\"><\/span>\t\t\t\t\t\t\t\t\t<\/div><!-- \/.funfact-one__icon -->\r\n\t\t\t\t\t\t\t\t\t<h3 class=\"about-one__facts__count count-text\" data-stop=\"2896\" data-speed=\"1500\"><\/h3><!-- \/.funfact-one__count -->\r\n\t\t\t\t\t\t\t\t\t<p class=\"about-one__facts__text\">Najlepsze opinie<\/p><!-- \/.funfact-one__text -->\r\n\t\t\t\t\t\t\t\t<\/li><!-- \/.funfact-one__item -->\r\n\t\t\t\t\t\t\t\t\t\t\t\t\t<\/ul>\r\n\t\t\t\t\t<\/div>\r\n\t\t\t\t<\/div><!-- \/.col-lg-4 -->\r\n\t\t\t<\/div><!-- \/.row -->\r\n\t\t<\/div><!-- \/.container -->\r\n\t<\/section><!-- \/.about-one -->\r\n\t\t\t\t<\/div>\n\t\t\t\t<\/div>\n\t\t\t\t\t<\/div>\n\t\t<\/div>\n\t\t\t\t\t<\/div>\n\t\t<\/section>\n\t\t\t\t<\/div>\n\t\t","protected":false},"excerpt":{"rendered":"<p>Villa Maja Ryman\u00f3w Zdr\u00f3j 4.9 \/ 5 Fanstastyczna przyroda i czyste powietrze &#8211; to jest to czego do\u015bwiadczymy w tym miejscu Witamy na stronie Villi Maja Dowiedz si\u0119 wi\u0119cej o Villi Maja Villa Maja to wspania\u0142e miejsce do wypoczynku Villa Maja to dom w centrum Uzdrowiska na widokowej g\u00f3rce pod lasem, tylko 50 m od [&hellip;]<\/p>\n","protected":false},"author":2,"featured_media":0,"parent":0,"menu_order":0,"comment_status":"closed","ping_status":"closed","template":"elementor_header_footer","meta":{"footnotes":""},"class_list":["post-21","page","type-page","status-publish","hentry"],"_links":{"self":[{"href":"https:\/\/villamaja-rymanow.pl\/index.php\/wp-json\/wp\/v2\/pages\/21","targetHints":{"allow":["GET"]}}],"collection":[{"href":"https:\/\/villamaja-rymanow.pl\/index.php\/wp-json\/wp\/v2\/pages"}],"about":[{"href":"https:\/\/villamaja-rymanow.pl\/index.php\/wp-json\/wp\/v2\/types\/page"}],"author":[{"embeddable":true,"href":"https:\/\/villamaja-rymanow.pl\/index.php\/wp-json\/wp\/v2\/users\/2"}],"replies":[{"embeddable":true,"href":"https:\/\/villamaja-rymanow.pl\/index.php\/wp-json\/wp\/v2\/comments?post=21"}],"version-history":[{"count":29,"href":"https:\/\/villamaja-rymanow.pl\/index.php\/wp-json\/wp\/v2\/pages\/21\/revisions"}],"predecessor-version":[{"id":1863,"href":"https:\/\/villamaja-rymanow.pl\/index.php\/wp-json\/wp\/v2\/pages\/21\/revisions\/1863"}],"wp:attachment":[{"href":"https:\/\/villamaja-rymanow.pl\/index.php\/wp-json\/wp\/v2\/media?parent=21"}],"curies":[{"name":"wp","href":"https:\/\/api.w.org\/{rel}","templated":true}]}}